{"id":135,"date":"2018-09-10T15:00:12","date_gmt":"2018-09-10T15:00:12","guid":{"rendered":"https:\/\/smmc.co.za\/poseidon\/?page_id=135"},"modified":"2018-09-19T09:33:42","modified_gmt":"2018-09-19T09:33:42","slug":"about-poseidon-hotel-madagascar","status":"publish","type":"page","link":"https:\/\/theposeidonhotel.com\/fr\/about-poseidon-hotel-madagascar\/","title":{"rendered":"A propos de Pos\u00e9idon"},"content":{"rendered":"<p>[et_pb_section fb_built=&#8221;1&#8243; fullwidth=&#8221;on&#8221; _builder_version=&#8221;3.12.1&#8243;][et_pb_fullwidth_slider _builder_version=&#8221;3.12.1&#8243; header_font=&#8221;||||||||&#8221; custom_padding=&#8221;75px||75px|&#8221;][et_pb_slide heading=&#8221;About Poseidon Hotel&#8221; button_text=&#8221;Book Your Stay!&#8221; use_bg_overlay=&#8221;on&#8221; bg_overlay_color=&#8221;rgba(18,51,33,0.8)&#8221; _builder_version=&#8221;3.12.1&#8243; header_font=&#8221;||||||||&#8221; header_font_size=&#8221;32px&#8221; background_image=&#8221;https:\/\/smmc.co.za\/poseidon\/wp-content\/uploads\/2018\/09\/Mangily-Tulear-Madagascar-Poseidon-Hotel-Madagascar.png&#8221;]<\/p>\n<p>L&#039;aventure commence \u00e0 12 km au nord de Mangily et \u00e0 35 km de Tul\u00e9ar Madagascar, \u00e0 environ 936 km au sud-ouest d&#039;Antananarivo<\/p>\n<p>[\/et_pb_slide][\/et_pb_fullwidth_slider][\/et_pb_section][et_pb_section fb_built=&#8221;1&#8243; _builder_version=&#8221;3.12.1&#8243; background_color=&#8221;#ffffff&#8221;][et_pb_row _builder_version=&#8221;3.12.1&#8243;][et_pb_column type=&#8221;1_3&#8243; _builder_version=&#8221;3.0.47&#8243; parallax=&#8221;off&#8221; parallax_method=&#8221;on&#8221;][et_pb_text _builder_version=&#8221;3.12.1&#8243; header_font=&#8221;||||||||&#8221; header_text_color=&#8221;#123321&#8243;]<\/p>\n<h1>A propos de l&#039;emplacement<\/h1>\n<p>[\/et_pb_text][\/et_pb_column][et_pb_column type=&#8221;2_3&#8243; _builder_version=&#8221;3.0.47&#8243; parallax=&#8221;off&#8221; parallax_method=&#8221;on&#8221;][et_pb_divider _builder_version=&#8221;3.12.1&#8243; custom_padding=&#8221;7px|||&#8221;][\/et_pb_divider][\/et_pb_column][\/et_pb_row][et_pb_row custom_padding=&#8221;0|0px|27px|0px|false|false&#8221; _builder_version=&#8221;3.12.1&#8243;][et_pb_column type=&#8221;1_3&#8243; _builder_version=&#8221;3.0.47&#8243; parallax=&#8221;off&#8221; parallax_method=&#8221;on&#8221;][et_pb_image src=&#8221;https:\/\/smmc.co.za\/poseidon\/wp-content\/uploads\/2018\/09\/IMG-20180905-WA0024-1.jpg&#8221; _builder_version=&#8221;3.12.1&#8243;][\/et_pb_image][\/et_pb_column][et_pb_column type=&#8221;2_3&#8243; _builder_version=&#8221;3.0.47&#8243; parallax=&#8221;off&#8221; parallax_method=&#8221;on&#8221;][et_pb_text _builder_version=&#8221;3.12.1&#8243; text_font=&#8221;||||||||&#8221; header_font=&#8221;||||||||&#8221; header_text_color=&#8221;#123321&#8243;]<\/p>\n<p style=\"text-align: justify;\">L&#039;h\u00f4tel Pos\u00e9idon est situ\u00e9 \u00e0 12 km au nord de Mangily et \u00e0 35 km de Tul\u00e9ar Madagascar, \u00e0 environ 936 km au sud-ouest d&#039;Antananarivo.<\/p>\n<p style=\"text-align: justify;\">Pos\u00e9idon dispose de 14 bungalows, chacun pouvant accueillir 3 personnes (1 lit double et 1 lit simple par bungalow), nich\u00e9 sur un terrain de 2,5 hectares bord\u00e9 par le front de mer et flanqu\u00e9 d&#039;arbres indig\u00e8nes luxuriants. Un bungalow familial interconnect\u00e9 constitue une solution parfaite pour les familles plus grandes ou partageant une famille, offrant suffisamment d&#039;intimit\u00e9 mais pas trop de distance.<\/p>\n<ul>\n<li style=\"text-align: justify;\">Tarifs journaliers par bungalow: 42 \u20ac la nuit<\/li>\n<li style=\"text-align: justify;\">Petit d\u00e9jeuner standard inclus (boisson chaude, pain, beurre, confiture, jus naturel, cr\u00eapes)<\/li>\n<li style=\"text-align: justify;\">Wi-fi dans les espaces communs<\/li>\n<li style=\"text-align: justify;\">\u00c9lectricit\u00e9 24 heures sur 24 dans toutes les chambres (ce qui est important compte tenu du fait que toute la zone est aliment\u00e9e par l&#039;\u00e9nergie solaire. Nous sommes l&#039;un des rares h\u00f4tels de la r\u00e9gion \u00e0 proposer une alimentation 24 heures sur 24)<\/li>\n<\/ul>\n<p>[\/et_pb_text][\/et_pb_column][\/et_pb_row][\/et_pb_section][et_pb_section fb_built=&#8221;1&#8243; _builder_version=&#8221;3.12.1&#8243; background_color=&#8221;rgba(255,255,255,0.9)&#8221; box_shadow_style=&#8221;preset6&#8243; saved_tabs=&#8221;all&#8221; global_module=&#8221;573&#8243;][et_pb_row custom_padding=&#8221;0|0px|0|0px|false|false&#8221; _builder_version=&#8221;3.12.1&#8243;][et_pb_column type=&#8221;1_3&#8243; _builder_version=&#8221;3.12.1&#8243; parallax=&#8221;off&#8221; parallax_method=&#8221;on&#8221;][et_pb_blurb title=&#8221;Breakfast Included&#8221; use_icon=&#8221;on&#8221; font_icon=&#8221;%%279%%&#8221; use_icon_font_size=&#8221;on&#8221; icon_font_size=&#8221;75px&#8221; _builder_version=&#8221;3.12.1&#8243; text_orientation=&#8221;center&#8221;]<\/p>\n<p>Un petit d\u00e9jeuner standard gratuit (boisson chaude, pain, beurre, confiture, jus naturel, cr\u00eapes) pour chaque invit\u00e9<\/p>\n<p>[\/et_pb_blurb][\/et_pb_column][et_pb_column type=&#8221;1_3&#8243; _builder_version=&#8221;3.12.1&#8243; parallax=&#8221;off&#8221; parallax_method=&#8221;on&#8221;][et_pb_blurb title=&#8221;Wi-fi in Common Areas&#8221; use_icon=&#8221;on&#8221; font_icon=&#8221;%%302%%&#8221; use_icon_font_size=&#8221;on&#8221; icon_font_size=&#8221;75px&#8221; _builder_version=&#8221;3.12.1&#8243; text_orientation=&#8221;center&#8221;]<\/p>\n<p>Une connexion Wi-Fi gratuite dans tous les espaces communs permet aux clients de rester connect\u00e9s \u00e0 l&#039;h\u00f4tel Poseidon.<\/p>\n<p>[\/et_pb_blurb][\/et_pb_column][et_pb_column type=&#8221;1_3&#8243; _builder_version=&#8221;3.12.1&#8243; parallax=&#8221;off&#8221; parallax_method=&#8221;on&#8221;][et_pb_blurb title=&#8221;24 Hour Electricity in all Rooms&#8221; use_icon=&#8221;on&#8221; font_icon=&#8221;%%101%%&#8221; use_icon_font_size=&#8221;on&#8221; icon_font_size=&#8221;75px&#8221; _builder_version=&#8221;3.12.1&#8243; text_orientation=&#8221;center&#8221;]<\/p>\n<p>Nous sommes l&#039;un des seuls h\u00f4tels de Madagascar \u00e0 offrir l&#039;\u00e9lectricit\u00e9 dans toutes les chambres 24 heures sur 24<\/p>\n<p>[\/et_pb_blurb][\/et_pb_column][\/et_pb_row][\/et_pb_section]<\/p>","protected":false},"excerpt":{"rendered":"<p>The adventure begins 12 km north of Mangily, and 35 from Tulear Madagascar, about 936 km southwest of AntananarivoAbout The LocationHotel Poseidon is located 12 km north of Mangily, and 35 from Tulear Madagascar, about 936 km southwest of Antananarivo. Poseidon has 14 bungalows, each sleeping 3 persons (1 x double bed and 1 x [&hellip;]<\/p>","protected":false},"author":1,"featured_media":0,"parent":0,"menu_order":0,"comment_status":"closed","ping_status":"closed","template":"","meta":{"_et_pb_use_builder":"on","_et_pb_old_content":"","_et_gb_content_width":"","footnotes":""},"class_list":["post-135","page","type-page","status-publish","hentry"],"_links":{"self":[{"href":"https:\/\/theposeidonhotel.com\/fr\/wp-json\/wp\/v2\/pages\/135","targetHints":{"allow":["GET"]}}],"collection":[{"href":"https:\/\/theposeidonhotel.com\/fr\/wp-json\/wp\/v2\/pages"}],"about":[{"href":"https:\/\/theposeidonhotel.com\/fr\/wp-json\/wp\/v2\/types\/page"}],"author":[{"embeddable":true,"href":"https:\/\/theposeidonhotel.com\/fr\/wp-json\/wp\/v2\/users\/1"}],"replies":[{"embeddable":true,"href":"https:\/\/theposeidonhotel.com\/fr\/wp-json\/wp\/v2\/comments?post=135"}],"version-history":[{"count":26,"href":"https:\/\/theposeidonhotel.com\/fr\/wp-json\/wp\/v2\/pages\/135\/revisions"}],"predecessor-version":[{"id":578,"href":"https:\/\/theposeidonhotel.com\/fr\/wp-json\/wp\/v2\/pages\/135\/revisions\/578"}],"wp:attachment":[{"href":"https:\/\/theposeidonhotel.com\/fr\/wp-json\/wp\/v2\/media?parent=135"}],"curies":[{"name":"wp","href":"https:\/\/api.w.org\/{rel}","templated":true}]}}